{"id":92,"date":"2022-03-07T15:18:35","date_gmt":"2022-03-07T18:18:35","guid":{"rendered":"http:\/\/ipjburon.edu.ar\/?page_id=92"},"modified":"2024-06-13T16:39:03","modified_gmt":"2024-06-13T19:39:03","slug":"personal-del-nivel-primario","status":"publish","type":"page","link":"http:\/\/ipjburon.edu.ar\/index.php\/personal-del-nivel-primario\/","title":{"rendered":"Personal del nivel Primario"},"content":{"rendered":"\n<p><strong>Directora<\/strong>: Alejandra Moreno<\/p>\n\n\n\n<div class=\"wp-block-columns is-layout-flex wp-container-core-columns-is-layout-9d6595d7 wp-block-columns-is-layout-flex\">\n<div class=\"wp-block-column is-layout-flow wp-block-column-is-layout-flow\">\n<p class=\"has-text-align-left\"><strong>TURNO MA\u00d1ANA<br>Vicedirectora<\/strong>: Jes\u00fas Villarruel<br><strong>1A <\/strong>Elizabeth Nacen<br><strong>2A <\/strong>Natalia Villarroel.<br><strong>3A <\/strong>Nora Bustos<br><strong>4A <\/strong>Norma Allende<br><strong>4C <\/strong>Maribel Franco<br><strong>5A <\/strong>Mar\u00eda In\u00e9s Godoy<br><strong>5C <\/strong>Melina Martinez<br><strong>6A <\/strong>Daniela Bresciano<br><strong>6C <\/strong>Cinthya Ortiz<br><strong>Auxiliares<\/strong>: Ruth G\u00f3mez<\/p>\n<\/div>\n\n\n\n<div class=\"wp-block-column is-layout-flow wp-block-column-is-layout-flow\">\n<p><strong>TURNO TARDE<br>Vicedirectora<\/strong>: Valeria Fern\u00e1ndez<br><strong>1B <\/strong>Estefan\u00eda Ludue\u00f1a<br><strong>1C <\/strong>Oriana Vivas<br><strong>2B <\/strong>Romina Farrat\u00e9<br><strong>2C <\/strong>Isabel Toranzo<br><strong>3B <\/strong>Silvana Diaz<br><strong>3C <\/strong>Natalia Scamperti<br><strong>4B <\/strong>Sara Palacios<br><strong>5B <\/strong>Natalia \u00c1vila<br><strong>6B <\/strong>Viviana Sosa<br><strong>Auxiliares<\/strong>: Roberto<\/p>\n<\/div>\n<\/div>\n\n\n\n<p><strong>Materias Especiales<br>Artes Visuales<\/strong>: Juan Carlos Ojeda<br><strong>Educaci\u00f3n F\u00edsica<\/strong>: Ana Mar\u00eda Ponce &#8211; Juan Pablo Saavedra<br><strong>Inform\u00e1tica<\/strong>: Macarena Boffa<br><strong>Ingl\u00e9s<\/strong>: Hern\u00e1n Zavarella &#8211; Anal\u00eda Zulueta.<br><strong>M\u00fasica<\/strong>: Agust\u00edn Mazzola -Sebasti\u00e1n Raspanti<br><strong>Religi\u00f3n<\/strong>: Claudia Donati &#8211; Mar\u00eda Jos\u00e9 Luna<br><\/p>\n","protected":false},"excerpt":{"rendered":"<p>Directora: Alejandra Moreno TURNO MA\u00d1ANAVicedirectora: Jes\u00fas Villarruel1A Elizabeth Nacen2A Natalia Villarroel.3A Nora Bustos4A Norma Allende4C Maribel Franco5A Mar\u00eda In\u00e9s Godoy5C Melina Martinez6A Daniela Bresciano6C Cinthya OrtizAuxiliares: Ruth G\u00f3mez TURNO TARDEVicedirectora: Valeria Fern\u00e1ndez1B Estefan\u00eda Ludue\u00f1a1C Oriana Vivas2B Romina Farrat\u00e92C Isabel Toranzo3B Silvana Diaz3C Natalia Scamperti4B Sara Palacios5B Natalia \u00c1vila6B Viviana SosaAuxiliares: Roberto Materias EspecialesArtes Visuales: Juan &#8230; <a title=\"Personal del nivel Primario\" class=\"read-more\" href=\"http:\/\/ipjburon.edu.ar\/index.php\/personal-del-nivel-primario\/\">Read more<\/a><\/p>\n","protected":false},"author":1,"featured_media":0,"parent":0,"menu_order":0,"comment_status":"closed","ping_status":"closed","template":"","meta":{"footnotes":""},"class_list":["post-92","page","type-page","status-publish"],"_links":{"self":[{"href":"http:\/\/ipjburon.edu.ar\/index.php\/wp-json\/wp\/v2\/pages\/92","targetHints":{"allow":["GET"]}}],"collection":[{"href":"http:\/\/ipjburon.edu.ar\/index.php\/wp-json\/wp\/v2\/pages"}],"about":[{"href":"http:\/\/ipjburon.edu.ar\/index.php\/wp-json\/wp\/v2\/types\/page"}],"author":[{"embeddable":true,"href":"http:\/\/ipjburon.edu.ar\/index.php\/wp-json\/wp\/v2\/users\/1"}],"replies":[{"embeddable":true,"href":"http:\/\/ipjburon.edu.ar\/index.php\/wp-json\/wp\/v2\/comments?post=92"}],"version-history":[{"count":4,"href":"http:\/\/ipjburon.edu.ar\/index.php\/wp-json\/wp\/v2\/pages\/92\/revisions"}],"predecessor-version":[{"id":204,"href":"http:\/\/ipjburon.edu.ar\/index.php\/wp-json\/wp\/v2\/pages\/92\/revisions\/204"}],"wp:attachment":[{"href":"http:\/\/ipjburon.edu.ar\/index.php\/wp-json\/wp\/v2\/media?parent=92"}],"curies":[{"name":"wp","href":"https:\/\/api.w.org\/{rel}","templated":true}]}}