{"id":26,"date":"2021-06-26T11:32:02","date_gmt":"2021-06-26T14:32:02","guid":{"rendered":"http:\/\/ipjburon.edu.ar\/?page_id=26"},"modified":"2021-06-26T11:32:02","modified_gmt":"2021-06-26T14:32:02","slug":"mision-y-vision","status":"publish","type":"page","link":"http:\/\/ipjburon.edu.ar\/index.php\/mision-y-vision\/","title":{"rendered":"Misi\u00f3n y Visi\u00f3n"},"content":{"rendered":"\n<p><strong>Misi\u00f3n<\/strong>:<\/p>\n\n\n\n<p><em>Educamos para la libertad y el encuentro a la Luz del Evangelio.<\/em><\/p>\n\n\n\n<p><strong>Visi\u00f3n<\/strong>:<\/p>\n\n\n\n<p><em>Ser constructores de un espacio educativo en comuni\u00f3n, que acepta a los otros y respeta las diferencias, desde la solidaridad como encuentro.<\/em><\/p>\n","protected":false},"excerpt":{"rendered":"<p>Misi\u00f3n: Educamos para la libertad y el encuentro a la Luz del Evangelio. Visi\u00f3n: Ser constructores de un espacio educativo en comuni\u00f3n, que acepta a los otros y respeta las diferencias, desde la solidaridad como encuentro.<\/p>\n","protected":false},"author":1,"featured_media":0,"parent":0,"menu_order":0,"comment_status":"closed","ping_status":"closed","template":"","meta":{"footnotes":""},"class_list":["post-26","page","type-page","status-publish"],"_links":{"self":[{"href":"http:\/\/ipjburon.edu.ar\/index.php\/wp-json\/wp\/v2\/pages\/26","targetHints":{"allow":["GET"]}}],"collection":[{"href":"http:\/\/ipjburon.edu.ar\/index.php\/wp-json\/wp\/v2\/pages"}],"about":[{"href":"http:\/\/ipjburon.edu.ar\/index.php\/wp-json\/wp\/v2\/types\/page"}],"author":[{"embeddable":true,"href":"http:\/\/ipjburon.edu.ar\/index.php\/wp-json\/wp\/v2\/users\/1"}],"replies":[{"embeddable":true,"href":"http:\/\/ipjburon.edu.ar\/index.php\/wp-json\/wp\/v2\/comments?post=26"}],"version-history":[{"count":1,"href":"http:\/\/ipjburon.edu.ar\/index.php\/wp-json\/wp\/v2\/pages\/26\/revisions"}],"predecessor-version":[{"id":27,"href":"http:\/\/ipjburon.edu.ar\/index.php\/wp-json\/wp\/v2\/pages\/26\/revisions\/27"}],"wp:attachment":[{"href":"http:\/\/ipjburon.edu.ar\/index.php\/wp-json\/wp\/v2\/media?parent=26"}],"curies":[{"name":"wp","href":"https:\/\/api.w.org\/{rel}","templated":true}]}}